{"id":315,"date":"2019-09-21T16:07:24","date_gmt":"2019-09-21T14:07:24","guid":{"rendered":"http:\/\/karinebarre.com\/?page_id=315"},"modified":"2021-04-20T19:24:05","modified_gmt":"2021-04-20T17:24:05","slug":"publications","status":"publish","type":"page","link":"https:\/\/karinebarre.com\/index.php\/publications\/","title":{"rendered":"Publications"},"content":{"rendered":"\n<p>Pers\u00e9v\u00e9rer pour y arriver. Pour atteindre ses objectifs<\/p>\n\n\n\n<p>Oui mais pas dans la lutte. Pas dans le combat.<\/p>\n\n\n\n<p>Pers\u00e9v\u00e9rer dans l\u2019\u00e9coute de soi. Dans le respect de soi.<\/p>\n\n\n\n<p>Pers\u00e9v\u00e9rer dans le plaisir. Dans l\u2019exigence. Dans le d\u00e9passement de soi. Voir ses limites. Les identifier et avancer avec.<\/p>\n\n\n\n<p>Pers\u00e9v\u00e9rer alors avec plus d\u2019envie. Plus d\u2019amour pour soi.<\/p>\n\n\n\n<p>Pers\u00e9v\u00e9rer en se projetant sur \u00ab&nbsp;l\u2019apr\u00e8s&nbsp;\u00bb. En se visualisant.<\/p>\n\n\n\n<p>Oui c\u2019est \u00e7a pers\u00e9v\u00e9rer. Se voir dans la r\u00e9ussite de ses objectifs lors des moments de doutes ou de rel\u00e2chement.<\/p>\n\n\n\n<p>Pr\u00e9server c\u2019est accepter de douter et continuer d\u2019avancer encore.<\/p>\n","protected":false},"excerpt":{"rendered":"<p>Pers\u00e9v\u00e9rer pour y arriver. Pour atteindre ses objectifs Oui mais pas dans la lutte. Pas dans le combat. Pers\u00e9v\u00e9rer dans l\u2019\u00e9coute de soi. Dans le respect de soi. Pers\u00e9v\u00e9rer dans le plaisir. Dans l\u2019exigence. Dans le d\u00e9passement de soi. Voir ses limites. Les identifier et avancer avec. Pers\u00e9v\u00e9rer alors avec plus d\u2019envie. Plus d\u2019amour pour &hellip; <\/p>\n","protected":false},"author":1,"featured_media":535,"parent":0,"menu_order":0,"comment_status":"closed","ping_status":"closed","template":"","meta":{"saved_in_kubio":false,"jetpack_post_was_ever_published":false,"footnotes":""},"class_list":["post-315","page","type-page","status-publish","has-post-thumbnail","hentry","grid-sizer"],"kubio_ai_page_context":{"short_desc":"","purpose":"general"},"jetpack_sharing_enabled":true,"_links":{"self":[{"href":"https:\/\/karinebarre.com\/index.php\/wp-json\/wp\/v2\/pages\/315","targetHints":{"allow":["GET"]}}],"collection":[{"href":"https:\/\/karinebarre.com\/index.php\/wp-json\/wp\/v2\/pages"}],"about":[{"href":"https:\/\/karinebarre.com\/index.php\/wp-json\/wp\/v2\/types\/page"}],"author":[{"embeddable":true,"href":"https:\/\/karinebarre.com\/index.php\/wp-json\/wp\/v2\/users\/1"}],"replies":[{"embeddable":true,"href":"https:\/\/karinebarre.com\/index.php\/wp-json\/wp\/v2\/comments?post=315"}],"version-history":[{"count":2,"href":"https:\/\/karinebarre.com\/index.php\/wp-json\/wp\/v2\/pages\/315\/revisions"}],"predecessor-version":[{"id":486,"href":"https:\/\/karinebarre.com\/index.php\/wp-json\/wp\/v2\/pages\/315\/revisions\/486"}],"wp:featuredmedia":[{"embeddable":true,"href":"https:\/\/karinebarre.com\/index.php\/wp-json\/wp\/v2\/media\/535"}],"wp:attachment":[{"href":"https:\/\/karinebarre.com\/index.php\/wp-json\/wp\/v2\/media?parent=315"}],"curies":[{"name":"wp","href":"https:\/\/api.w.org\/{rel}","templated":true}]}}