{"id":3456,"date":"2022-11-18T10:12:18","date_gmt":"2022-11-18T09:12:18","guid":{"rendered":"https:\/\/karinebarre.com\/?page_id=3456"},"modified":"2023-01-03T09:37:04","modified_gmt":"2023-01-03T08:37:04","slug":"conditions-generales-de-vente","status":"publish","type":"page","link":"https:\/\/karinebarre.com\/index.php\/conditions-generales-de-vente\/","title":{"rendered":"Conditions G\u00e9n\u00e9rales de vente"},"content":{"rendered":"\n<p><strong>ARTICLE 1 \u2013 G\u00c9N\u00c9RALIT\u00c9S<\/strong><\/p>\n\n\n\n<p>Les pr\u00e9sentes conditions g\u00e9n\u00e9rales de vente s\u2019appliquent aux ventes de produits effectu\u00e9s sur le site https:\/\/karinebarre.com\/<\/p>\n\n\n\n<p>&nbsp;propri\u00e9t\u00e9 de &nbsp;<strong>Karine Barr\u00e9 \u2013 Vraie \u2013 Edition Vraie<\/strong> , dont le si\u00e8ge social se situe \u00e0 : 8 avenue des Regalles 77176 Savigny le Temple<\/p>\n\n\n\n<p>Les articles propos\u00e9s sur le site le sont dans le cadre d\u2019un contrat de vente \u00e0 distance sous conditions suspensives, r\u00e9gi par les articles L 121-6 \u00e0 L 121-20 du Code de la Consommation, ainsi que par les pr\u00e9sentes conditions g\u00e9n\u00e9rales de vente.<\/p>\n\n\n\n<p>Ces CGV pr\u00e9valent dans tous les cas sur tout autre document \u00e9mis qui n\u2019ont qu\u2019une valeur indicative. Elles sont modifiables sans pr\u00e9avis et seront applicables aux ventes r\u00e9alis\u00e9es apr\u00e8s la modification.<\/p>\n\n\n\n<p>Le fait de passer commande sur le site pour un ou plusieurs produits et de cliquer sur la case relative \u00e0 l\u2019acceptation des pr\u00e9sentes conditions implique l\u2019adh\u00e9sion automatique, irr\u00e9vocable, enti\u00e8re et sans r\u00e9serve du client aux pr\u00e9sentes conditions g\u00e9n\u00e9rales de ventes. Aucune condition particuli\u00e8re ne peut, sauf acceptation formelle et \u00e9crite de&nbsp;<strong>Karine Barr\u00e9 \u2013 Vraie \u2013 Edition Vraie<\/strong>, pr\u00e9valoir sur ces conditions g\u00e9n\u00e9rales de vente.<\/p>\n\n\n\n<p>Toutes demandes d\u2019informations doivent \u00eatre formul\u00e9es aupr\u00e8s de l\u2019\u00e9tablissement gestionnaire du site internet :&nbsp;Karine Barr\u00e9 \u2013 Vraie \u2013 Edition Vraie.<\/p>\n\n\n\n<p><strong>Karine Barr\u00e9 \u2013 Vraie \u2013 Edition Vraie<\/strong><br>8 avenue des Regalles<br>77176 Savigny le Temple<br>T\u00e9l. : 06 62 78 58 16<br>Mail : vraie@karinebarre.com<\/p>\n\n\n\n<p>Raison sociale : Auto&nbsp; entreprise<br>Si\u00e8ge social : 8 avenue des Regalles 77176 Savigny le Temple<br>Num\u00e9ro Siren : 834&nbsp;641&nbsp;458<br>Num\u00e9ro Siret : 834&nbsp;641&nbsp;458 00015<br>Code NAF \/ APE : 9609B<\/p>\n\n\n\n<p><strong>ARTICLE 2 \u2013 DESCRIPTION G\u00c9N\u00c9RALE DES PRODUITS ET SERVICES<\/strong><\/p>\n\n\n\n<p>Afin de permettre au client de conna\u00eetre les produits ou services qu\u2019il souhaite acheter avant de les commander et conform\u00e9ment \u00e0 l\u2019article L 111-1 du code de la consommation,&nbsp;<strong>Karine Barr\u00e9 \u2013 Vraie \u2013 Edition Vraie<\/strong>&nbsp;pr\u00e9sente sur son site les caract\u00e9ristiques des produits et les services propos\u00e9s \u00e0 la vente.<br>Chaque produit est accompagn\u00e9 d\u2019un descriptif permettant au client de conna\u00eetre les caract\u00e9ristiques essentielles du produit ; les photos et illustrations n\u2019ont qu\u2019une valeur indicative.<\/p>\n\n\n\n<p>Par ailleurs, le client a toujours la possibilit\u00e9 de contacter&nbsp;<strong>Karine Barr\u00e9 \u2013 Vraie \u2013 Edition Vraie<\/strong> par mail ou par t\u00e9l\u00e9phone afin d\u2019obtenir des renseignements compl\u00e9mentaires sur les produits et les services pr\u00e9sent\u00e9s.<\/p>\n\n\n\n<p><strong>Karine Barr\u00e9 \u2013 Vraie \u2013 Edition Vraie<\/strong> se r\u00e9serve le droit de modifier ou changer sans avis pr\u00e9alable les produits pr\u00e9sent\u00e9s tant qu\u2019ils figurent sur le site et dans la limite des stocks.&nbsp;<strong>Karine Barr\u00e9 \u2013 Vraie \u2013 Edition Vraie<\/strong> s\u2019interdit toutefois de modifier les sp\u00e9cifications des produits d\u00e9j\u00e0 command\u00e9s par les clients.<\/p>\n\n\n\n<p><strong>ARTICLE 3 \u2013 PRIX<\/strong><\/p>\n\n\n\n<p>Les prix de vente des produits figurant sur le site sont en TTC et exprim\u00e9s en euros hors participation aux frais de livraison. La TVA est appliqu\u00e9e au taux en vigueur au moment de la commande. Tout changement de taux serait appliqu\u00e9 imm\u00e9diatement sur la commande en cours.<\/p>\n\n\n\n<p>Le paiement sera demand\u00e9 au client pour le total de l\u2019achat, int\u00e9grant les prix des produits command\u00e9s.<\/p>\n\n\n\n<p><strong>ARTICLE 4 \u2013 PRISE DE COMMANDE<\/strong><\/p>\n\n\n\n<p>Seuls les produits pr\u00e9sent\u00e9s sur le site pourront faire l\u2019objet d\u2019une commande. Le client passe une commande aupr\u00e8s de&nbsp;<strong>Karine Barr\u00e9 \u2013 Vraie \u2013 Edition Vraie<\/strong>&nbsp;directement sur son site internet. Les commandes pass\u00e9es engagent le client de mani\u00e8re irr\u00e9vocable.<\/p>\n\n\n\n<p>Le client est responsable des informations saisies dans le bon de commande. Notre responsabilit\u00e9 ne saurait \u00eatre engag\u00e9e dans le cas o\u00f9 nous serions dans l\u2019impossibilit\u00e9 d\u2019ex\u00e9cuter la commande en raison d\u2019erreurs ou omissions relativement \u00e0 ces informations.<\/p>\n\n\n\n<p><strong>ARTICLE 5 \u2013 DISPONIBILIT\u00c9<\/strong><\/p>\n\n\n\n<p>Dans le cas d\u2019indisponibilit\u00e9 des produits apr\u00e8s passation de la commande,&nbsp;<strong>Karine Barr\u00e9 \u2013 Vraie \u2013 Edition Vraie<\/strong>&nbsp;informera les clients par mail ou par courrier dans les meilleurs d\u00e9lais.<br>Le client pourra alors demander, dans les 72 heures, soit l\u2019annulation de son bon de commande contre remboursement, soit la substitution avec un autre produit disponible sur le site. Les commandes seront honor\u00e9es dans la limite des stocks disponibles.<\/p>\n\n\n\n<p><strong>ARTICLE 6 \u2013 FACTURATION<\/strong><\/p>\n\n\n\n<p>Apr\u00e8s validation de la commande, la facture \u00e9mise par&nbsp;<strong>Karine Barr\u00e9 \u2013 Vraie \u2013 Edition Vraie<\/strong> est adress\u00e9e au client avec le produit.<\/p>\n\n\n\n<p><strong>ARTICLE 7 \u2013 MODALIT\u00c9S DE PAIEMENT<\/strong><\/p>\n\n\n\n<p>Le paiement du montant total correspondant aux produits command\u00e9s, frais de livraison inclus, sera d\u00fb au moment o\u00f9 la commande est conclue, c\u2019est \u00e0 dire au moment de la r\u00e9ception de la confirmation de la commande.<\/p>\n\n\n\n<p>Le paiement en ligne s\u2019effectue via PayPlug. A cet effet, lors de chaque commande, le client devra fournir les informations requises.<\/p>\n\n\n\n<p>Aucune commande ne sera accept\u00e9e tant que les informations requises pour le paiement n\u2019auront pas \u00e9t\u00e9 communiqu\u00e9es. En cas de refus du centre du paiement bancaire concern\u00e9, la commande sera automatiquement annul\u00e9e et le client sera inform\u00e9 par l\u2019envoi d\u2019un e-mail.<\/p>\n\n\n\n<p><strong>ARTICLE 8 \u2013 D\u00c9FAUT DE PAIEMENT<\/strong><\/p>\n\n\n\n<p>En cas de d\u00e9faut de paiement, notamment en raison du refus de la banque d\u2019honorer la transaction ou en raison d\u2019une opposition effectu\u00e9e par le client sur la transaction, et ce avant ou apr\u00e8s la conclusion de la transaction&nbsp;<strong>Karine Barr\u00e9 \u2013 Vraie \u2013 Edition Vraie<\/strong> pourra r\u00e9silier la vente de plein droit sans avis ni d\u00e9lai et pourra, le cas \u00e9ch\u00e9ant, exiger aux frais du client la restitution du produit.<\/p>\n\n\n\n<p><strong>ARTICLE 9 \u2013 MODALIT\u00c9S DE LIVRAISON<\/strong><\/p>\n\n\n\n<p>Les produits sont livr\u00e9s \u00e0 l\u2019adresse de livraison qui a \u00e9t\u00e9 indiqu\u00e9e lors de la commande et au d\u00e9lai indiqu\u00e9.<\/p>\n\n\n\n<p>Ce d\u00e9lai ne prend pas en compte le d\u00e9lai de pr\u00e9paration de la commande.<\/p>\n\n\n\n<p>Le client s\u2019engage \u00e0 r\u00e9ceptionner les produits \u00e0 l\u2019adresse indiqu\u00e9e dans sa commande.<\/p>\n\n\n\n<p><strong>Karine Barr\u00e9 \u2013 Vraie \u2013 Edition Vraie<\/strong> n\u2019est pas responsable en cas de perte de colis.<\/p>\n\n\n\n<ul class=\"wp-block-list\">\n<li>Mondial Relay : 4 \u20ac pour la France m\u00e9tropolitaine.<\/li>\n<\/ul>\n\n\n\n<p>Les d\u00e9lais d\u2019envoi \u00e0 titre indicatif sont de 3-4 jours ouvr\u00e9s.<\/p>\n\n\n\n<ul class=\"wp-block-list\">\n<li>Colissimo : 5 \u20ac pour la France m\u00e9tropolitaine et l\u2019international (hors DOM-TOM)<\/li>\n<\/ul>\n\n\n\n<p>Les d\u00e9lais d\u2019envoi \u00e0 titre indicatif sont de 2-3 jours ouvr\u00e9s pour la France m\u00e9tropolitaine et de 2 \u00e0 3 semaines en fonction des pays de livraison.<\/p>\n\n\n\n<ul class=\"wp-block-list\">\n<li>Colissimo : 7 \u20ac pour les DOM-TOM<\/li>\n<\/ul>\n\n\n\n<p>Les d\u00e9lais d\u2019envoi \u00e0 titre indicatif sont de 2 \u00e0 3 semaines en fonction des pays de livraison.<\/p>\n\n\n\n<p><strong>ARTICLE 10 \u2013 R\u00c9CEPTION<\/strong><\/p>\n\n\n\n<p>Le client a pour obligation de v\u00e9rifier la conformit\u00e9 de la marchandise livr\u00e9e.<br>Toute anomalie concernant la livraison devra imp\u00e9rativement \u00eatre notifi\u00e9e, le jour m\u00eame de la r\u00e9ception et confirm\u00e9e par lettre recommand\u00e9e avec A.R. dans un d\u00e9lai de 48 heures, au si\u00e8ge social de&nbsp;<strong>Karine Barr\u00e9 \u2013 Vraie \u2013 Edition Vraie<\/strong>.<br>Toute r\u00e9clamation qui ne serait pas effectu\u00e9e dans les r\u00e8gles d\u00e9finies ci-dessus et dans les d\u00e9lais impartis, ne pourra \u00eatre prise en compte et d\u00e9gagera&nbsp;<strong>Karine Barr\u00e9 \u2013 Vraie \u2013 Edition Vraie<\/strong> de toute responsabilit\u00e9 vis \u00e0 vis du client.<\/p>\n\n\n\n<p><strong>ARTICLE 11 \u2013 R\u00c9TRACTATION<\/strong><\/p>\n\n\n\n<p>Le client dispose, selon l\u2019article L121-20 du code de la consommation, d\u2019un d\u00e9lai de 14 jours \u00e0 compter de la r\u00e9ception de la commande. Si le d\u00e9lai expire un week-end ou un jour f\u00e9ri\u00e9, il sera d\u00e9cal\u00e9 au premier jour ouvrable suivant.<br>La r\u00e9clamation pourra \u00eatre faite via le site https:\/\/karinebarre.com\/<\/p>\n\n\n\n<p>ou par mail vraie@karinebarre.com. Les frais de retour restent \u00e0 la charge du client. Tout article endommag\u00e9 ne sera ni \u00e9chang\u00e9 ni rembours\u00e9.<\/p>\n\n\n\n<p>Mod\u00e8le de r\u00e9tractation au bas de ce pr\u00e9sent document.<\/p>\n\n\n\n<p>D\u00e9cret n\u00b0 2014-1061 du 17 septembre 2014 relatif aux obligations d\u2019information pr\u00e9contractuelle et contractuelle des consommateurs et au droit de r\u00e9tractation &gt;&gt;&nbsp;<a href=\"https:\/\/www.legifrance.gouv.fr\/jorf\/id\/JORFTEXT000029470741\/\" target=\"_blank\" rel=\"noreferrer noopener\">Consulter<\/a><\/p>\n\n\n\n<p><strong>ARTICLE 12 \u2013 TRANSFERT DE PROPRI\u00c9T\u00c9 DES PRODUITS<\/strong><\/p>\n\n\n\n<p>Le transfert de propri\u00e9t\u00e9 relatif au produit vendu \u00e0 lieu au moment de la livraison.<br>La date figurant sur le bon de transport ou l\u2019accus\u00e9 de r\u00e9ception fait foi de la date d\u2019enl\u00e8vement ou de livraison.<\/p>\n\n\n\n<p><strong>ARTICLE 13 \u2013 LIMITATION DE RESPONSABILIT\u00c9<\/strong><\/p>\n\n\n\n<p>Toute responsabilit\u00e9 de&nbsp;<strong>Karine Barr\u00e9 \u2013 Vraie \u2013 Edition Vraie<\/strong> pour toute sorte de dommage direct ou indirect d\u00e9coulant de l\u2019inex\u00e9cution ou de la mauvaise ex\u00e9cution de la vente d\u2019un produit ne pourra en aucun cas d\u00e9passer le montant \u00e9gal au prix du produit vendu ou du service rendu.<br>La force majeure et le cas fortuit nous exon\u00e8rent de toute obligation de livrer.<br>Le pr\u00e9sent article ne s\u2019applique pas aux clients qui, \u00e0 raison de leur qualit\u00e9, peuvent se pr\u00e9valoir des dispositions de l\u2019article L 132-1 du code de la consommation.<\/p>\n\n\n\n<p><strong>ARTICLE 14 \u2013 PREUVE<\/strong><\/p>\n\n\n\n<p>Les registres informatis\u00e9s, conserv\u00e9s dans les syst\u00e8mes informatiques de chaque partie, dans des conditions raisonnables de s\u00e9curit\u00e9, seront admis comme preuve des communications, contrats et paiement intervenus entre les parties.<\/p>\n\n\n\n<p><strong>ARTICLE 15 \u2013 RESPONSABILIT\u00c9<\/strong><\/p>\n\n\n\n<p>Les produits propos\u00e9s r\u00e9pondent \u00e0 la l\u00e9gislation fran\u00e7aise en vigueur.<br><strong>Karine Barr\u00e9 \u2013 Vraie \u2013 Edition Vraie<\/strong> se d\u00e9gage de toute responsabilit\u00e9 en cas d\u2019inex\u00e9cution du contrat due \u00e0 un cas de force majeure (gr\u00e8ve, inondation, incendie\u2026).<br><strong>Karine Barr\u00e9 \u2013 Vraie \u2013 Edition Vraie<\/strong> se d\u00e9gage de toute responsabilit\u00e9 quant au contenu des sites sur lesquels des liens hypertextes peuvent renvoyer \u00e0 partir de son propre site.<\/p>\n\n\n\n<p><strong>ARTICLE 16 \u2013 ACCEPTATION DE L\u2019ACHETEUR<\/strong><\/p>\n\n\n\n<p>Les pr\u00e9sentes conditions g\u00e9n\u00e9rales de vente ainsi que les tarifs sont express\u00e9ment agr\u00e9\u00e9s et accept\u00e9s par l\u2019acheteur, qui d\u00e9clare et reconna\u00eet en avoir une parfaite connaissance, et renonce, de ce fait, \u00e0 se pr\u00e9valoir de tout document contradictoire et, notamment, ses propres conditions g\u00e9n\u00e9rales d\u2019achat, l\u2019acte d\u2019achat entra\u00eenant acceptation des pr\u00e9sentes conditions g\u00e9n\u00e9rales de vente. Les pr\u00e9sentes conditions sont modifiables \u00e0 tout moment sans pr\u00e9avis.<\/p>\n\n\n\n<p><strong>ARTICLE 17 \u2013 INFORMATIQUE ET LIBERT\u00c9<\/strong><\/p>\n\n\n\n<p>Les informations demand\u00e9es au client sont n\u00e9cessaires au traitement de sa commande et ne pourront pas \u00eatre communiqu\u00e9es aux partenaires contractuels de&nbsp;<strong>Karine Barr\u00e9 \u2013 Vraie \u2013 Edition Vraie<\/strong>&nbsp;intervenant dans le cadre de l\u2019ex\u00e9cution de cette commande.<br>Le client peut \u00e9crire \u00e0&nbsp;<strong>Karine Barr\u00e9 \u2013 Vraie \u2013 Edition Vraie<\/strong> pour exercer ses droits d\u2019acc\u00e8s, de rectification \u00e0 l\u2019\u00e9gard des informations le concernant et figurant dans les fichiers <strong>Karine Barr\u00e9 \u2013 Vraie \u2013 Edition Vraie<\/strong>&nbsp;dans les conditions pr\u00e9vues par la loi du 6 janvier 1978.<\/p>\n\n\n\n<p><strong>ARTICLE 18 \u2013 LOI APPLICABLE<\/strong><\/p>\n\n\n\n<p>Comp\u00e9tence : les pr\u00e9sentes conditions g\u00e9n\u00e9rales de vente sont r\u00e9gies, tant pour leur interpr\u00e9tation que pour leur ex\u00e9cution, par la loi fran\u00e7aise.<\/p>\n\n\n\n<p>Les tribunaux de Dax seront seuls comp\u00e9tents en cas de litige ou de contestation relative \u00e0 l\u2019ex\u00e9cution ou l\u2019interpr\u00e9tation du contrat de vente conclu entre&nbsp;<strong>Karine Barr\u00e9 \u2013 Vraie \u2013 Edition Vraie<\/strong> et son client.<\/p>\n\n\n\n<p><strong>ARTICLE 19 \u2013 PROTECTION DES DONN\u00c9ES PERSONNELLES<\/strong><\/p>\n\n\n\n<p>Conform\u00e9ment \u00e0 l\u2019article 32 de la loi \u00ab Informatique et Libert\u00e9s \u00bb n\u00b078-17 du 6 janvier 1978, modifi\u00e9e par la loi n\u00b02004-801 du 6 ao\u00fbt 2004, et au R\u00e8glement G\u00e9n\u00e9ral sur la Protection des Donn\u00e9es (RGPD : 25 mai 2018), les informations recueillies via le site font l\u2019objet d\u2019un traitement destin\u00e9 uniquement \u00e0 r\u00e9pondre \u00e0 votre demande.<\/p>\n\n\n\n<ul class=\"wp-block-list\">\n<li>Les donn\u00e9es requises lors de la commande ne seront jamais utilis\u00e9es \u00e0 des fins non pr\u00e9vues ni transmises \u00e0 des partenaires.<\/li>\n\n\n\n<li>Aucune information personnelle autre que celles demand\u00e9es n\u2019est collect\u00e9e.<\/li>\n\n\n\n<li>Ces donn\u00e9es ne feront l\u2019objet d\u2019aucun transfert en dehors de l\u2019Union Europ\u00e9enne.<\/li>\n\n\n\n<li>Vous b\u00e9n\u00e9ficiez des droits d\u2019interrogation, d\u2019acc\u00e8s, de rectification et de suppression des donn\u00e9es, conform\u00e9ment au RGPD, en adressant un courrier en fran\u00e7ais \u00e0 \u00ab<strong>Karine Barr\u00e9 \u2013 Vraie \u2013 Edition Vraie<\/strong><br>8 avenue des Regalles<br>77176 Savigny le Temple\u00bb en y joignant un justificatif de votre identit\u00e9.<\/li>\n<\/ul>\n\n\n\n<p><strong>ARTICLE 20 \u2013 M\u00c9DIATION<\/strong><\/p>\n\n\n\n<p>Depuis le 1er janvier 2016 et ce quel que soit le canal de distribution, les marchands doivent proposer aux consommateurs une voie de recours amiable et confidentielle, apr\u00e8s que leurs d\u00e9marches \u00e9crites aient \u00e9chou\u00e9.<br>R\u00e8glements en ligne des litiges &gt;&gt;&gt;&nbsp;<a href=\"https:\/\/webgate.ec.europa.eu\/odr\/main\/?event=main.home.show\" target=\"_blank\" rel=\"noreferrer noopener\">https:\/\/webgate.ec.europa.eu\/odr\/main\/?event=main.home.show<\/a><\/p>\n\n\n\n<p><strong>MOD\u00c8LE DE FORMULAIRE DE R\u00c9TRACTATION<\/strong><\/p>\n\n\n\n<p>A l\u2019attention de madame le directeur de la soci\u00e9t\u00e9 : <strong>Karine Barr\u00e9 \u2013 Vraie \u2013 Edition Vraie<\/strong><br>8 avenue des Regalles<br>77176 Savigny le Temple<\/p>\n\n\n\n<p>Je vous notifie par la pr\u00e9sente ma r\u00e9tractation du contrat portant sur la vente du bien ci-dessous :<\/p>\n\n\n\n<ul class=\"wp-block-list\">\n<li>Commande N\u00b0 :<\/li>\n\n\n\n<li>Re\u00e7u le :<\/li>\n\n\n\n<li>Nom du consommateur :<\/li>\n\n\n\n<li>Adresse du consommateur :<\/li>\n\n\n\n<li>Signature du consommateur (uniquement en cas de notification du pr\u00e9sent formulaire sur papier) :<\/li>\n\n\n\n<li>Date :<\/li>\n<\/ul>\n","protected":false},"excerpt":{"rendered":"<p>ARTICLE 1 \u2013 G\u00c9N\u00c9RALIT\u00c9S Les pr\u00e9sentes conditions g\u00e9n\u00e9rales de vente s\u2019appliquent aux ventes de produits effectu\u00e9s sur le site https:\/\/karinebarre.com\/ &nbsp;propri\u00e9t\u00e9 de &nbsp;Karine Barr\u00e9 \u2013 Vraie \u2013 Edition Vraie , &hellip; <\/p>\n","protected":false},"author":1,"featured_media":0,"parent":0,"menu_order":0,"comment_status":"closed","ping_status":"closed","template":"","meta":{"saved_in_kubio":false,"jetpack_post_was_ever_published":false,"footnotes":""},"class_list":["post-3456","page","type-page","status-publish","hentry","has-meta has-sticky-meta"],"kubio_ai_page_context":{"short_desc":"","purpose":"general"},"jetpack_sharing_enabled":true,"_links":{"self":[{"href":"https:\/\/karinebarre.com\/index.php\/wp-json\/wp\/v2\/pages\/3456","targetHints":{"allow":["GET"]}}],"collection":[{"href":"https:\/\/karinebarre.com\/index.php\/wp-json\/wp\/v2\/pages"}],"about":[{"href":"https:\/\/karinebarre.com\/index.php\/wp-json\/wp\/v2\/types\/page"}],"author":[{"embeddable":true,"href":"https:\/\/karinebarre.com\/index.php\/wp-json\/wp\/v2\/users\/1"}],"replies":[{"embeddable":true,"href":"https:\/\/karinebarre.com\/index.php\/wp-json\/wp\/v2\/comments?post=3456"}],"version-history":[{"count":1,"href":"https:\/\/karinebarre.com\/index.php\/wp-json\/wp\/v2\/pages\/3456\/revisions"}],"predecessor-version":[{"id":3457,"href":"https:\/\/karinebarre.com\/index.php\/wp-json\/wp\/v2\/pages\/3456\/revisions\/3457"}],"wp:attachment":[{"href":"https:\/\/karinebarre.com\/index.php\/wp-json\/wp\/v2\/media?parent=3456"}],"curies":[{"name":"wp","href":"https:\/\/api.w.org\/{rel}","templated":true}]}}