{"id":3743,"date":"2022-11-18T16:12:52","date_gmt":"2022-11-18T15:12:52","guid":{"rendered":"https:\/\/karinebarre.com\/?page_id=3743"},"modified":"2022-11-18T16:12:57","modified_gmt":"2022-11-18T15:12:57","slug":"mentions-legales","status":"publish","type":"page","link":"https:\/\/karinebarre.com\/index.php\/mentions-legales\/","title":{"rendered":"Mentions l\u00e9gales"},"content":{"rendered":"\n<p><\/p>\n\n\n\n<p><strong>Karine Barr\u00e9 \u2013 Vraie \u2013 Edition Vraie<\/strong><br>8 avenue des Regalles<br>77176 Savigny le Temple<br>T\u00e9l. : 06 62 78 58 16<br>Mail : vraie@karinebarre.com<\/p>\n\n\n\n<p>Raison sociale : Auto&nbsp; entreprise<br>Si\u00e8ge social : 8 avenue des Regalles 77176 Savigny le Temple<br>Num\u00e9ro Siren : 834&nbsp;641&nbsp;458<br>Num\u00e9ro Siret : 834&nbsp;641&nbsp;458 00015<br>Code NAF \/ APE : 9609B<\/p>\n\n\n\n<p><strong>DIRECTEUR DE LA PUBLICATION<\/strong><\/p>\n\n\n\n<p>Karine Barr\u00e9<\/p>\n\n\n\n<p><strong>CR\u00c9DITS PHOTOGRAPHIES<\/strong><\/p>\n\n\n\n<p><strong>Karine Barr\u00e9 \u2013 Vraie \u2013 Edition Vraie<br><\/strong>8 avenue des Regalles<br>77176 Savigny le Temple<br><strong>CODE DE LA PROPRI\u00c9T\u00c9 INTELLECTUELLE<\/strong><\/p>\n\n\n\n<p>Toute repr\u00e9sentation ou reproduction int\u00e9grale ou partielle faite sans le consentement des auteurs ou de leurs ayants droit ou ayants cause est illicite. Il en est de m\u00eame pour la traduction, l\u2019adaptation ou la transformation, l\u2019arrangement ou la reproduction par un art ou un proc\u00e9d\u00e9 quelconque.<\/p>\n\n\n\n<p><strong>PROTECTION DES PAGES ET TOUS \u00c9L\u00c9MENTS DU SITE<\/strong><\/p>\n\n\n\n<p>Toute copie, m\u00eame partielle d\u2019\u00e9l\u00e9ments de ce site est strictement interdite.<\/p>\n\n\n\n<p><strong>LIENS<\/strong><\/p>\n\n\n\n<p>Le pr\u00e9sent site Internet peut fournir des liens ou des r\u00e9f\u00e9rences \u00e0 d\u2019autres sites. <strong>Karine Barr\u00e9 \u2013 Vraie \u2013 Edition Vraie<br><\/strong>n\u2019est pas responsable de la teneur desdits autres sites. Il ne sera tenue responsable d\u2019aucun dommage ou pr\u00e9judice en d\u00e9coulant. Les liens vers d\u2019autres sites sont fournis uniquement dans un but de commodit\u00e9.<\/p>\n\n\n\n<p><strong>ERRATUM<\/strong><\/p>\n\n\n\n<p>Malgr\u00e9 les soins et les contr\u00f4les de l\u2019\u00e9quipe de r\u00e9daction, des erreurs ou omissions involontaires peuvent subsister sur le site, veuillez nous en excuser. Vous pouvez nous faire part de vos remarques en nous \u00e9crivant \u00e0 : <strong>Karine Barr\u00e9 \u2013 Vraie \u2013 Edition Vraie<br><\/strong>8 avenue des Regalles<br>77176 Savigny le Temple<strong><\/strong><\/p>\n\n\n\n<p><strong>CNIL<\/strong><\/p>\n\n\n\n<p>Le pr\u00e9sent site est conforme \u00e0 la D\u00e9lib\u00e9ration n\u00b02006-138 du 9 mai 2006 d\u00e9cidant de la dispense de d\u00e9claration des traitements constitu\u00e9s \u00e0 des fins d\u2019information ou de communication externe (Dispense de d\u00e9claration n\u00b07) \u2013 JORF n\u00b0128 du 3 juin 2006 \u2013 texte n\u00b0 80. La dispense n\u00b07 concerne les traitements de donn\u00e9es personnelles mis en \u0153uvre par tout organisme priv\u00e9 ou public \u00e0 des fins d\u2019information et de communication externe. Elle s\u2019applique aux sites internet institutionnels et aux fichiers de contacts. Conform\u00e9ment \u00e0 la loi Informatique et Libert\u00e9s, vous disposez d\u2019un droit d\u2019acc\u00e8s, de rectification et de suppression des donn\u00e9es vous concernant (art.34 de la loi \u00ab&nbsp;Informatique et Libert\u00e9s&nbsp;\u00bb); pour l\u2019exercer adressez-vous par&nbsp;<a href=\"https:\/\/editions-mensabark.com\/contact-maison-edition-landes\/\">mail<\/a>&nbsp;.<\/p>\n\n\n\n<p><strong>UTILISATION DU SITE INTERNET<\/strong><\/p>\n\n\n\n<p>Site Internet optimis\u00e9 pour une utilisation avec Internet Explorer v.9 et plus.<\/p>\n\n\n\n<p><strong>SITE INTERNET<\/strong><\/p>\n\n\n\n<p>Conception, r\u00e9alisation et h\u00e9bergement : par<a href=\"http:\/\/www.cryoutcreations.eu\/wordpress-themes\/bravada\" target=\"_blank\" rel=\"noreferrer noopener\">&nbsp;Bravada<\/a>&nbsp;&amp;&nbsp;<a href=\"http:\/\/wordpress.org\/\" target=\"_blank\" rel=\"noreferrer noopener\">WordPress<\/a> &#8211; OVH<\/p>\n\n\n\n<p><strong>COOKIE DE SOLUTIONS DE MESURE D\u2019AUDIENCE<\/strong><\/p>\n\n\n\n<p>1. Le Paquet T\u00e9l\u00e9com La transposition en droit fran\u00e7ais des directives europ\u00e9ennes dites \u00ab&nbsp;Paquet t\u00e9l\u00e9com&nbsp;\u00bb renforce l\u2019obligation d\u2019information des internautes \u00e0 l\u2019\u00e9gard des cookies. Le gouvernement fran\u00e7ais a transpos\u00e9 ces nouvelles normes dans une ordonnance publi\u00e9e le 24 ao\u00fbt 2011 dite ordonnance \u00ab&nbsp;Paquet t\u00e9l\u00e9com&nbsp;\u00bb.<br>2. Que veut-on dire quand on parle de \u00ab&nbsp;cookie&nbsp;\u00bb ? Il s\u2019agit des \u00ab&nbsp;informations stock\u00e9es dans l\u2019\u00e9quipement terminal&nbsp;\u00bb, qui sont d\u00e9pos\u00e9es par un site Internet sur le terminal d\u2019un utilisateur. D\u00e9poser un \u00ab&nbsp;cookie&nbsp;\u00bb consiste donc \u00e0 coller une \u00ab&nbsp;\u00e9tiquette&nbsp;\u00bb sur le terminal de l\u2019internaute. 3. Position de la CNIL concernant les \u00ab cookies utilis\u00e9s pour r\u00e9aliser de la mesure d\u2019audience \u00bb. La CNIL a conscience de la n\u00e9cessit\u00e9 pour un \u00e9diteur de mesurer l\u2019audience de son site internet. Elle observe que les cookies sont fr\u00e9quemment utilis\u00e9s pour cette finalit\u00e9 et que ce dispositif contribue aussi au service fourni \u00e0 l\u2019internaute. Les statistiques de fr\u00e9quentation permettent notamment aux \u00e9diteurs de d\u00e9tecter des probl\u00e8mes de navigation dans leur site ou de mettre en avant certains contenus particuli\u00e8rement demand\u00e9s par les internautes. Compte tenu de la finalit\u00e9 sp\u00e9cifique de ces cookies et du risque tr\u00e8s limit\u00e9 sur la protection de la vie priv\u00e9e, la CNIL a d\u00e9cid\u00e9 de consid\u00e9rer que ces cookies pouvaient \u00eatre mis en \u0153uvre sans avoir re\u00e7u le consentement pr\u00e9alable des internautes. Mais, pour b\u00e9n\u00e9ficier de cette exemption au consentement, la CNIL consid\u00e8re que ce traitement doit respecter les conditions particuli\u00e8res suivantes :<\/p>\n\n\n\n<ul class=\"wp-block-list\">\n<li><strong>Information<\/strong>&nbsp;Une information claire et compl\u00e8te doit \u00eatre d\u00e9livr\u00e9e par l\u2019\u00e9diteur du site afin d\u2019assurer la transparence sur l\u2019utilisation des outils d\u2019analyse de fr\u00e9quentation. Un lien vers cette information est pr\u00e9sent sur toutes les pages du site vers la page \u00ab&nbsp;Mentions l\u00e9gales&nbsp;\u00bb.<\/li>\n\n\n\n<li><strong>Droit d\u2019acc\u00e8s<\/strong>&nbsp;Toute personne justifiant de son identit\u00e9 a le droit d\u2019interroger le responsable du pr\u00e9sent site pour savoir s\u2019il d\u00e9tient des informations sur elle, et le cas \u00e9ch\u00e9ant d\u2019en obtenir communication. Cf. Adresse ci-dessus.<\/li>\n\n\n\n<li><strong>Droit d\u2019opposition<\/strong>&nbsp;Vous pouvez vous opposer \u00e0 l\u2019enregistrement de \u201ccookies\u201d en configurant votre navigateur. A titre d\u2019exemple : \u2013 Si vous naviguez sur Internet avec Internet Explorer (Microsoft) : cliquez \u201coutils\u201d, \u201coptions Internet\u201d, \u201cconfidentialit\u00e9\u201d. Cliquez sur le bouton \u201cavanc\u00e9\u201d, cochez la case \u201cIgnorer la gestion automatique des cookies\u201d, cochez les deux cases \u201crefuser\u201d, puis validez. (IE doit \u00eatre ferm\u00e9 pour que la configuration soit prise en compte). \u2013 Si vous naviguez sur Firefox (Mozilla) Cliquez \u201coutils\u201d, \u201coptions\u201d, \u201cvie priv\u00e9e\u201d. D\u00e9cochez \u201caccepter les cookies\u201d ou cliquez sur le bouton \u201cexceptions\u201d et entrer le nom du site et cliquez sur \u201cbloquer\u201d. Certains services requi\u00e8rent que l\u2019utilisateur accepte les cookies. Si le navigateur est configur\u00e9 pour les refuser, l\u2019acc\u00e8s \u00e0 ces services peut se r\u00e9v\u00e9ler alt\u00e9r\u00e9, voire impossible. Les fabricants de navigateurs sont en cours de d\u00e9veloppement des nouveaux m\u00e9canismes pour permettre aux internautes d\u2019exprimer leurs pr\u00e9f\u00e9rences en mati\u00e8re de vie priv\u00e9e.<\/li>\n\n\n\n<li><strong>Finalit\u00e9 limit\u00e9e<\/strong>&nbsp;L\u2019utilisation des cookies est strictement limit\u00e9e \u00e0 la mesure d\u2019audience des pages du site, sans permettre l\u2019identification des personnes visitant notre site. \u2013 \u2013 Adresse IP : L\u2019utilisation de l\u2019adresse IP pour g\u00e9olocalisation est \u00e0 l\u2019\u00e9chelle de la ville et anonymis\u00e9e. \u2013 \u2013 Dur\u00e9e de conservation : Les informations sont conserv\u00e9es pendant une dur\u00e9e maximale de 6 mois. \u2013 Assortissant l\u2019absence de consentement pr\u00e9alable \u00e0 des conditions strictes de mise en \u0153uvre pour ce type de cookies, la CNIL a pour objectif de concilier respect de la vie priv\u00e9e et l\u2019activit\u00e9 des \u00e9diteurs. Cette position est susceptible d\u2019\u00e9voluer en fonction de la position commune que pourrait adopter l\u2019ensemble des CNIL europ\u00e9ennes (G29).<\/li>\n<\/ul>\n\n\n\n<p><strong>RGPD >> PROTECTION DES DONN\u00c9ES PERSONNELLES<\/strong>\u00a0Conform\u00e9ment \u00e0 l\u2019article 32 de la loi \u00ab Informatique et Libert\u00e9s \u00bb n\u00b078-17 du 6 janvier 1978, modifi\u00e9e par la loi n\u00b02004-801 du 6 ao\u00fbt 2004, et au R\u00e8glement G\u00e9n\u00e9ral sur la Protection des Donn\u00e9es (RGPD), les informations recueillies via ce formulaire de contact font l\u2019objet d\u2019un traitement destin\u00e9 uniquement \u00e0 r\u00e9pondre \u00e0 votre demande. \u2013 Les informations recueillies ne sont pas conserv\u00e9es dans la base de donn\u00e9es du site mais transmises directement au destinataire en charge du traitement de cette demande. \u2013 Les donn\u00e9es requises ne seront jamais utilis\u00e9es \u00e0 des fins non pr\u00e9vues ni transmises \u00e0 des partenaires. \u2013 Aucune information personnelle autre que celles demand\u00e9es n\u2019est collect\u00e9e. \u2013 Ces donn\u00e9es ne feront l\u2019objet d\u2019aucun transfert en dehors de l\u2019Union Europ\u00e9enne. \u2013 Vous b\u00e9n\u00e9ficiez des droits d\u2019interrogation, d\u2019acc\u00e8s, de rectification et de suppression des donn\u00e9es, conform\u00e9ment au RGPD, en adressant un courrier en fran\u00e7ais \u00e0 \u00ab<strong>Karine Barr\u00e9 \u2013 Vraie \u2013 Edition Vraie<\/strong> 8 avenue des Regalles 77176 Savigny le Temple\u00a0\u00bb, en y joignant un justificatif de votre identit\u00e9.<\/p>\n","protected":false},"excerpt":{"rendered":"<p>Karine Barr\u00e9 \u2013 Vraie \u2013 Edition Vraie8 avenue des Regalles77176 Savigny le TempleT\u00e9l. : 06 62 78 58 16Mail : vraie@karinebarre.com Raison sociale : Auto&nbsp; entrepriseSi\u00e8ge social : 8 avenue des Regalles 77176 Savigny le TempleNum\u00e9ro Siren : 834&nbsp;641&nbsp;458Num\u00e9ro Siret : 834&nbsp;641&nbsp;458 00015Code NAF \/ APE : 9609B DIRECTEUR DE LA PUBLICATION Karine Barr\u00e9 CR\u00c9DITS &hellip; <\/p>\n","protected":false},"author":1,"featured_media":0,"parent":0,"menu_order":0,"comment_status":"closed","ping_status":"closed","template":"","meta":{"saved_in_kubio":false,"jetpack_post_was_ever_published":false,"footnotes":""},"class_list":["post-3743","page","type-page","status-publish","hentry","grid-sizer"],"kubio_ai_page_context":{"short_desc":"","purpose":"general"},"jetpack_sharing_enabled":true,"_links":{"self":[{"href":"https:\/\/karinebarre.com\/index.php\/wp-json\/wp\/v2\/pages\/3743","targetHints":{"allow":["GET"]}}],"collection":[{"href":"https:\/\/karinebarre.com\/index.php\/wp-json\/wp\/v2\/pages"}],"about":[{"href":"https:\/\/karinebarre.com\/index.php\/wp-json\/wp\/v2\/types\/page"}],"author":[{"embeddable":true,"href":"https:\/\/karinebarre.com\/index.php\/wp-json\/wp\/v2\/users\/1"}],"replies":[{"embeddable":true,"href":"https:\/\/karinebarre.com\/index.php\/wp-json\/wp\/v2\/comments?post=3743"}],"version-history":[{"count":1,"href":"https:\/\/karinebarre.com\/index.php\/wp-json\/wp\/v2\/pages\/3743\/revisions"}],"predecessor-version":[{"id":3744,"href":"https:\/\/karinebarre.com\/index.php\/wp-json\/wp\/v2\/pages\/3743\/revisions\/3744"}],"wp:attachment":[{"href":"https:\/\/karinebarre.com\/index.php\/wp-json\/wp\/v2\/media?parent=3743"}],"curies":[{"name":"wp","href":"https:\/\/api.w.org\/{rel}","templated":true}]}}