{"id":7854,"date":"2026-04-06T21:24:48","date_gmt":"2026-04-06T19:24:48","guid":{"rendered":"https:\/\/karinebarre.com\/?page_id=7854"},"modified":"2026-04-06T21:24:49","modified_gmt":"2026-04-06T19:24:49","slug":"tarifs","status":"publish","type":"page","link":"https:\/\/karinebarre.com\/index.php\/tarifs\/","title":{"rendered":"Tarifs"},"content":{"rendered":"\n<h2 class=\"wp-block-heading\"><strong>Les modalit\u00e9s<\/strong><\/h2>\n\n\n\n<p>Chaque accompagnement est unique.<br>Le nombre de s\u00e9ances et leur fr\u00e9quence s\u2019adaptent \u00e0 votre besoin et \u00e0 votre rythme.<\/p>\n\n\n\n<h3 class=\"wp-block-heading\"><strong>S\u00e9ance individuelle<\/strong><\/h3>\n\n\n\n<ul class=\"wp-block-list\">\n<li>Dur\u00e9e : 1h30<\/li>\n\n\n\n<li>Tarif : 80\u20ac<\/li>\n<\/ul>\n\n\n\n<h3 class=\"wp-block-heading\"><strong>Accompagnement dans la dur\u00e9e<\/strong><\/h3>\n\n\n\n<p>Nous d\u00e9finissons ensemble le rythme et le cadre le plus juste pour vous.<\/p>\n\n\n\n<p>Si vous avez des questions ou des contraintes particuli\u00e8res, nous pouvons en parler simplement.<\/p>\n","protected":false},"excerpt":{"rendered":"<p>Les modalit\u00e9s Chaque accompagnement est unique.Le nombre de s\u00e9ances et leur fr\u00e9quence s\u2019adaptent \u00e0 votre besoin et \u00e0 votre rythme. S\u00e9ance individuelle Accompagnement dans la dur\u00e9e Nous d\u00e9finissons ensemble le rythme et le cadre le plus juste pour vous. Si vous avez des questions ou des contraintes particuli\u00e8res, nous pouvons en parler simplement.<\/p>\n","protected":false},"author":1,"featured_media":0,"parent":0,"menu_order":0,"comment_status":"closed","ping_status":"closed","template":"","meta":{"saved_in_kubio":false,"jetpack_post_was_ever_published":false,"footnotes":""},"class_list":["post-7854","page","type-page","status-publish","hentry","grid-sizer"],"kubio_ai_page_context":{"short_desc":"","purpose":"general"},"jetpack_sharing_enabled":true,"_links":{"self":[{"href":"https:\/\/karinebarre.com\/index.php\/wp-json\/wp\/v2\/pages\/7854","targetHints":{"allow":["GET"]}}],"collection":[{"href":"https:\/\/karinebarre.com\/index.php\/wp-json\/wp\/v2\/pages"}],"about":[{"href":"https:\/\/karinebarre.com\/index.php\/wp-json\/wp\/v2\/types\/page"}],"author":[{"embeddable":true,"href":"https:\/\/karinebarre.com\/index.php\/wp-json\/wp\/v2\/users\/1"}],"replies":[{"embeddable":true,"href":"https:\/\/karinebarre.com\/index.php\/wp-json\/wp\/v2\/comments?post=7854"}],"version-history":[{"count":1,"href":"https:\/\/karinebarre.com\/index.php\/wp-json\/wp\/v2\/pages\/7854\/revisions"}],"predecessor-version":[{"id":7855,"href":"https:\/\/karinebarre.com\/index.php\/wp-json\/wp\/v2\/pages\/7854\/revisions\/7855"}],"wp:attachment":[{"href":"https:\/\/karinebarre.com\/index.php\/wp-json\/wp\/v2\/media?parent=7854"}],"curies":[{"name":"wp","href":"https:\/\/api.w.org\/{rel}","templated":true}]}}