{"id":3845,"date":"2022-11-18T16:36:44","date_gmt":"2022-11-18T15:36:44","guid":{"rendered":"https:\/\/karinebarre.com\/index.php\/produit\/hoodie-with-logo-2\/"},"modified":"2023-01-03T14:33:11","modified_gmt":"2023-01-03T13:33:11","slug":"livre-en-auto-edition-ce-corps-inconnu","status":"publish","type":"product","link":"https:\/\/karinebarre.com\/index.php\/produit\/livre-en-auto-edition-ce-corps-inconnu\/","title":{"rendered":"Livre en auto \u00e9dition \u00ab\u00a0Ce corps inconnu\u00a0\u00bb"},"content":{"rendered":"<p>Livre biographique, intimiste.<\/p>\n","protected":false},"excerpt":{"rendered":"<p><strong>Pour vous donner un aper\u00e7u, en voici un extrait :<\/strong><\/p>\n<p><i>\u00ab\u00a0J\u2019ai mis du temps \u00e0 me d\u00e9cider \u00e0 \u00e9crire ce livre. \u00c0 rendre visible ce qui ne l\u2019\u00e9tait pas.<\/i><\/p>\n<p><i>Il est important que je vous explique la gen\u00e8se de ce livre.<\/i><\/p>\n<p><i>Pendant des ann\u00e9es, j\u2019ai \u00e9crit. J\u2019ai jet\u00e9 sur du papier ce que je vivais, ce que je ressentais. Ce qui me bouleversait.<\/i><\/p>\n<p><i>\u00c9tait-ce \u00e0 des fins th\u00e9rapeutiques\u00a0? Certainement.<\/i><\/p>\n<p><i>Je me sentais si mal \u00e0 l\u2019int\u00e9rieur et paraissais si s\u00fbre de moi \u00e0 l\u2019ext\u00e9rieur\u2026.<\/i><\/p>\n<p>Au fil du temps, ces \u00e9crits sont devenus des r\u00e9flexions. Des moments avec moi. Des instants o\u00f9 je d\u00e9posais mes \u00e9motions.<\/p>\n<p>Elles devinrent plus douces, moins impulsives. Je passais de la col\u00e8re \u00e0 l\u2019apaisement.<\/p>\n<p><i>Ces \u00e9crits m\u2019ont aid\u00e9 \u00e0 construire la femme que je suis aujourd\u2019hui.\u00a0<\/i><\/p>\n<p><i>A travers ces \u00e9crits, je raconte mon parcours \u00e9motionnel, physique, psychologique, avec mon corps, avec ma vie.<\/i><\/p>\n<p><i>J\u2019y ai mis \u00e0 chaque fois toute l\u2019intensit\u00e9 du moment et toute l\u2019authenticit\u00e9 de mes sentiments.<\/i><\/p>\n<p><i>Il y a des bouts de moi partout. Dans les mots, dans les silences.<\/i><\/p>\n<p><i>Je n\u2019ai pas la pr\u00e9tention de vouloir \u00eatre un mod\u00e8le. Non\u00a0! J\u2019ai juste eu le besoin de partager cette histoire. De raconter ce que je gardais pour moi. De sortir de l\u2019intime. L\u00e0 aussi est-ce \u00e0 des fins th\u00e9rapeutiques\u00a0? Peut-\u00eatre.<\/i><\/p>\n<p><i>C\u2019est en lisant \u00e0 mon tour des parcours de vie que petit \u00e0 petit l\u2019id\u00e9e de mettre au propre mes \u00e9crits est venue. Au d\u00e9but, je n\u2019ai pas os\u00e9. J\u2019avais peur de d\u00e9plaire. Le poids du regard et du jugement des autres.\u00a0<\/i><\/p>\n<p><i>Et puis c\u2019est devenu une \u00e9vidence, et voil\u00e0 aujourd\u2019hui ce livre, ce journal d\u2019un corps.<\/i><\/p>\n<p><i>Tout y est. Mes doutes, mes r\u00e9ussites. Tout ce relief d\u2019un pan de ma vie.\u00a0<\/i><\/p>\n<p><i>J\u2019ai essay\u00e9 de \u00ab\u00a0retoucher\u00a0\u00bb au minimum mes mots pour garder le maximum d\u2019authenticit\u00e9 dans l\u2019\u00e9criture.<\/i><\/p>\n<p><i>Je vous partage mes exp\u00e9riences, mes lectures, mes rencontres. Ce que j\u2019en ai puis\u00e9. Je vous partage ce qui m\u2019a habit\u00e9 au plus profond de moi pendant ces ann\u00e9es.<\/i><\/p>\n<p><i>Peut-\u00eatre y trouverez-vous de l\u2019\u00e9cho, peut-\u00eatre de l\u2019incompr\u00e9hension.<\/i><\/p>\n<p><i>Chaque mot \u00e9crit est sorti de moi. Aucun mot n\u2019est fait pour blesser le lecteur. La seule personne qu\u2019ils aient pu blesser c\u2019est moi. Ils m\u2019ont fait mal, souffrir, mais ils m\u2019ont aussi fait me d\u00e9couvrir et m\u2019aimer.<\/i><\/p>\n<p><i>A travers ce livre je leur adresse toute ma gratitude et tout mon amour.\u00a0\u00bb<\/i><\/p>\n<p>&nbsp;<\/p>\n","protected":false},"featured_media":3842,"comment_status":"open","ping_status":"closed","template":"","meta":{"saved_in_kubio":false,"jetpack_post_was_ever_published":true},"product_brand":[],"product_cat":[22],"product_tag":[],"class_list":{"0":"post-3845","1":"product","2":"type-product","3":"status-publish","4":"has-post-thumbnail","6":"product_cat-hoodies","8":"first","9":"instock","10":"featured","11":"shipping-taxable","12":"purchasable","13":"product-type-simple"},"jetpack_sharing_enabled":true,"_links":{"self":[{"href":"https:\/\/karinebarre.com\/index.php\/wp-json\/wp\/v2\/product\/3845","targetHints":{"allow":["GET"]}}],"collection":[{"href":"https:\/\/karinebarre.com\/index.php\/wp-json\/wp\/v2\/product"}],"about":[{"href":"https:\/\/karinebarre.com\/index.php\/wp-json\/wp\/v2\/types\/product"}],"replies":[{"embeddable":true,"href":"https:\/\/karinebarre.com\/index.php\/wp-json\/wp\/v2\/comments?post=3845"}],"wp:featuredmedia":[{"embeddable":true,"href":"https:\/\/karinebarre.com\/index.php\/wp-json\/wp\/v2\/media\/3842"}],"wp:attachment":[{"href":"https:\/\/karinebarre.com\/index.php\/wp-json\/wp\/v2\/media?parent=3845"}],"wp:term":[{"taxonomy":"product_brand","embeddable":true,"href":"https:\/\/karinebarre.com\/index.php\/wp-json\/wp\/v2\/product_brand?post=3845"},{"taxonomy":"product_cat","embeddable":true,"href":"https:\/\/karinebarre.com\/index.php\/wp-json\/wp\/v2\/product_cat?post=3845"},{"taxonomy":"product_tag","embeddable":true,"href":"https:\/\/karinebarre.com\/index.php\/wp-json\/wp\/v2\/product_tag?post=3845"}],"curies":[{"name":"wp","href":"https:\/\/api.w.org\/{rel}","templated":true}]}}